{"id":282,"date":"2011-02-28T06:00:49","date_gmt":"2011-02-28T06:00:49","guid":{"rendered":"http:\/\/123moulin.fr\/wp\/?page_id=282"},"modified":"2024-05-16T07:26:14","modified_gmt":"2024-05-16T05:26:14","slug":"acceder-au-moulin","status":"publish","type":"page","link":"https:\/\/www.123moulin.fr\/wp\/?page_id=282","title":{"rendered":"VENIR au MOULIN"},"content":{"rendered":"<p>[D]epuis le parking conseill\u00e9, poursuivre \u00e0 pieds pendant 100 m\u00e8tres environ pour rejoindre l&rsquo;Arti\u00e8re, rivi\u00e8re en contrebas. (Lat 45\u00b044&rsquo;02\u00a0\u00bb N, Lon 03\u00b004&rsquo;08\u00a0\u00bb E)<\/p>\n<hr \/>\n<p style=\"text-align: justify;\"><strong>Amis visiteurs &#8230;<\/strong><br \/>\n[L]e Moulin de la Tranch\u00e8re est un <strong>SITE PRIV\u00e9<\/strong>. Des compagnons b\u00e9n\u00e9voles aid\u00e9s par des particuliers, des institutions et des entreprises oeuvrent depuis 1997 \u00e0 la restauration et \u00e0 l&rsquo;entretien du site.<\/p>\n<ul>\n<li style=\"text-align: justify;\">Les visiteurs respectueux de l&rsquo;endroit sont toujours les bienvenus. La visite du site est libre. Si pr\u00e9sents, les compagnons se feront un plaisir de vous apporter des explications et vous faire partager leur passion.<\/li>\n<li style=\"text-align: justify;\">Nous vous invitons par ailleurs \u00e0 la prudence, les cheminements, cours d&rsquo;eau , la roue &#8230; Veuillez porter \u00e9galement toute votre attention aux enfants en bas \u00e2ge.<\/li>\n<\/ul>\n<h2 style=\"text-align: justify;\">L&rsquo;acc\u00e8s pi\u00e9ton s&rsquo;effectue par un petit sentier qui rejoint le ruisseau. Ce sentier d\u00e9marre au fond du parking \u00ab\u00a0Artenium\u00a0\u00bb, \u00e0 proximit\u00e9 du portail du local des Services Techniques Communaux (<a href=\"https:\/\/www.google.fr\/maps\/place\/Les+Compagnons+du+Moulin+de+la+Tranch%C3%A8re\/@45.7340915,3.0622134,2168m\/data=!3m1!1e3!4m5!3m4!1s0x0:0x6b4a0ef3daf7f037!8m2!3d45.7338822!4d3.0705345\" target=\"_blank\" rel=\"noopener\">voir plan<\/a>)<\/h2>\n<hr \/>\n<p>&nbsp;<\/p>\n","protected":false},"excerpt":{"rendered":"<p>[D]epuis le parking conseill\u00e9, poursuivre \u00e0 pieds pendant 100 m\u00e8tres environ pour rejoindre l&rsquo;Arti\u00e8re, rivi\u00e8re en contrebas. (Lat 45\u00b044&rsquo;02\u00a0\u00bb N, Lon 03\u00b004&rsquo;08\u00a0\u00bb E) Amis visiteurs &#8230; [L]e Moulin de la Tranch\u00e8re est un SITE PRIV\u00e9. Des compagnons b\u00e9n\u00e9voles aid\u00e9s par &hellip; <a href=\"https:\/\/www.123moulin.fr\/wp\/?page_id=282\">Continuer la lecture <span class=\"meta-nav\">&rarr;<\/span><\/a><\/p>\n","protected":false},"author":1,"featured_media":0,"parent":0,"menu_order":0,"comment_status":"closed","ping_status":"open","template":"","meta":{"footnotes":""},"class_list":["post-282","page","type-page","status-publish","hentry"],"_links":{"self":[{"href":"https:\/\/www.123moulin.fr\/wp\/index.php?rest_route=\/wp\/v2\/pages\/282","targetHints":{"allow":["GET"]}}],"collection":[{"href":"https:\/\/www.123moulin.fr\/wp\/index.php?rest_route=\/wp\/v2\/pages"}],"about":[{"href":"https:\/\/www.123moulin.fr\/wp\/index.php?rest_route=\/wp\/v2\/types\/page"}],"author":[{"embeddable":true,"href":"https:\/\/www.123moulin.fr\/wp\/index.php?rest_route=\/wp\/v2\/users\/1"}],"replies":[{"embeddable":true,"href":"https:\/\/www.123moulin.fr\/wp\/index.php?rest_route=%2Fwp%2Fv2%2Fcomments&post=282"}],"version-history":[{"count":27,"href":"https:\/\/www.123moulin.fr\/wp\/index.php?rest_route=\/wp\/v2\/pages\/282\/revisions"}],"predecessor-version":[{"id":2150,"href":"https:\/\/www.123moulin.fr\/wp\/index.php?rest_route=\/wp\/v2\/pages\/282\/revisions\/2150"}],"wp:attachment":[{"href":"https:\/\/www.123moulin.fr\/wp\/index.php?rest_route=%2Fwp%2Fv2%2Fmedia&parent=282"}],"curies":[{"name":"wp","href":"https:\/\/api.w.org\/{rel}","templated":true}]}}